{"id":1068,"date":"2023-06-05T08:12:50","date_gmt":"2023-06-05T08:12:50","guid":{"rendered":"https:\/\/ferroduo.com\/prodotti\/lossido-di-alluminio\/"},"modified":"2023-12-14T12:02:34","modified_gmt":"2023-12-14T12:02:34","slug":"lossido-di-alluminio","status":"publish","type":"page","link":"https:\/\/ferroduo.com\/it\/prodotti\/lossido-di-alluminio\/","title":{"rendered":"L&#8217;ossido di alluminio"},"content":{"rendered":"\t\t<div data-elementor-type=\"wp-page\" data-elementor-id=\"1068\" class=\"elementor elementor-1068 elementor-398\" data-elementor-post-type=\"page\">\n\t\t\t\t<div class=\"elementor-element elementor-element-8fe780a e-flex e-con-boxed e-con e-parent\" data-id=\"8fe780a\" data-element_type=\"container\" data-settings=\"{&quot;background_background&quot;:&quot;classic&quot;}\">\n\t\t\t\t\t<div class=\"e-con-inner\">\n\t\t<div class=\"elementor-element elementor-element-c2edf74 e-con-full e-flex e-con e-child\" data-id=\"c2edf74\" data-element_type=\"container\">\n\t\t<div class=\"elementor-element elementor-element-0c9e768 e-con-full e-flex e-con e-child\" data-id=\"0c9e768\" data-element_type=\"container\">\n\t\t<div class=\"elementor-element elementor-element-363f99f e-con-full e-flex e-con e-child\" data-id=\"363f99f\" data-element_type=\"container\">\n\t\t\t\t<div class=\"elementor-element elementor-element-0603127 elementor-widget elementor-widget-elementskit-heading\" data-id=\"0603127\" data-element_type=\"widget\" data-widget_type=\"elementskit-heading.default\">\n\t\t\t\t<div class=\"elementor-widget-container\">\n\t\t\t<div class=\"ekit-wid-con\" ><div class=\"ekit-heading elementskit-section-title-wraper text_left   ekit_heading_tablet-   ekit_heading_mobile-\"><\/div><\/div>\t\t<\/div>\n\t\t\t\t<\/div>\n\t\t\t\t<\/div>\n\t\t\t\t<\/div>\n\t\t\t\t<\/div>\n\t\t\t\t\t<\/div>\n\t\t\t\t<\/div>\n\t\t\t\t<section class=\"elementor-section elementor-top-section elementor-element elementor-element-628a7d0b elementor-section-boxed elementor-section-height-default elementor-section-height-default\" data-id=\"628a7d0b\" data-element_type=\"section\">\n\t\t\t\t\t\t<div class=\"elementor-container elementor-column-gap-default\">\n\t\t\t\t\t<div class=\"elementor-column elementor-col-100 elementor-top-column elementor-element elementor-element-5b12c80a\" data-id=\"5b12c80a\" data-element_type=\"column\">\n\t\t\t<div class=\"elementor-widget-wrap elementor-element-populated\">\n\t\t\t\t\t\t<section class=\"elementor-section elementor-inner-section elementor-element elementor-element-15f2046f elementor-reverse-tablet elementor-reverse-mobile elementor-section-boxed elementor-section-height-default elementor-section-height-default\" data-id=\"15f2046f\" data-element_type=\"section\" data-settings=\"{&quot;background_background&quot;:&quot;classic&quot;}\">\n\t\t\t\t\t\t<div class=\"elementor-container elementor-column-gap-default\">\n\t\t\t\t\t<div class=\"elementor-column elementor-col-50 elementor-inner-column elementor-element elementor-element-41c99c56\" data-id=\"41c99c56\" data-element_type=\"column\">\n\t\t\t<div class=\"elementor-widget-wrap elementor-element-populated\">\n\t\t\t\t\t\t<div class=\"elementor-element elementor-element-691258c6 elementor-widget elementor-widget-elementskit-heading\" data-id=\"691258c6\" data-element_type=\"widget\" data-widget_type=\"elementskit-heading.default\">\n\t\t\t\t<div class=\"elementor-widget-container\">\n\t\t\t<div class=\"ekit-wid-con\" ><div class=\"ekit-heading elementskit-section-title-wraper text_left   ekit_heading_tablet-   ekit_heading_mobile-\">\t\t\t\t<div class='ekit-heading__description'>\n\t\t\t\t\t<p><span style=\"font-family: 'Arial',sans-serif\">L'ossido di alluminio \u00e8 un composto chimico costituito da alluminio e ossigeno. Si ottiene nella produzione di alluminio primario e secondario. <\/span><\/p>\n<p><span style=\"font-family: 'Arial',sans-serif\">L'ossido di alluminio \u00e8 un composto chimico costituito da alluminio e ossigeno. Si ottiene sia nella produzione primaria che secondaria di alluminio.  <\/span><\/p>\n<p><span style=\"font-family: 'Arial',sans-serif\">Nella produzione primaria, l'alluminio viene prodotto dalla bauxite, un minerale costituito principalmente da minerali di alluminio. La bauxite viene estratta, frantumata e trattata in una soluzione alcalina per estrarre l'ossido di alluminio. Questo processo richiede notevoli quantit\u00e0 di energia e risorse.  <\/span><\/p>\n<p><span style=\"font-family: 'Arial',sans-serif\">Nella produzione secondaria, l'alluminio \u00e8 ottenuto da alluminio riciclato. I rifiuti di alluminio vengono fusi e purificati per ottenere l'alluminio. Questo processo consente di risparmiare energia e risorse rispetto alla produzione primaria. <\/span><\/p>\n\t\t\t\t<\/div>\n\t\t\t<\/div><\/div>\t\t<\/div>\n\t\t\t\t<\/div>\n\t\t\t\t\t<\/div>\n\t\t<\/div>\n\t\t\t\t<div class=\"elementor-column elementor-col-50 elementor-inner-column elementor-element elementor-element-7c5246e5\" data-id=\"7c5246e5\" data-element_type=\"column\">\n\t\t\t<div class=\"elementor-widget-wrap elementor-element-populated\">\n\t\t\t\t\t\t<div class=\"elementor-element elementor-element-7e6738b8 elementor-widget elementor-widget-image\" data-id=\"7e6738b8\" data-element_type=\"widget\" data-widget_type=\"image.default\">\n\t\t\t\t<div class=\"elementor-widget-container\">\n\t\t\t<style>\/*! elementor - v3.22.0 - 26-06-2024 *\/\n.elementor-widget-image{text-align:center}.elementor-widget-image a{display:inline-block}.elementor-widget-image a img[src$=\".svg\"]{width:48px}.elementor-widget-image img{vertical-align:middle;display:inline-block}<\/style>\t\t\t\t\t\t\t\t\t\t<img fetchpriority=\"high\" decoding=\"async\" width=\"1920\" height=\"1781\" src=\"https:\/\/ferroduo.com\/wp-content\/uploads\/2023\/07\/shutterstock_2077736737.jpg\" class=\"attachment-full size-full wp-image-614\" alt=\"\" srcset=\"https:\/\/ferroduo.com\/wp-content\/uploads\/2023\/07\/shutterstock_2077736737.jpg 1920w, https:\/\/ferroduo.com\/wp-content\/uploads\/2023\/07\/shutterstock_2077736737-300x278.jpg 300w, https:\/\/ferroduo.com\/wp-content\/uploads\/2023\/07\/shutterstock_2077736737-1024x950.jpg 1024w, https:\/\/ferroduo.com\/wp-content\/uploads\/2023\/07\/shutterstock_2077736737-768x712.jpg 768w, https:\/\/ferroduo.com\/wp-content\/uploads\/2023\/07\/shutterstock_2077736737-1536x1425.jpg 1536w\" sizes=\"(max-width: 1920px) 100vw, 1920px\">\t\t\t\t\t\t\t\t\t\t\t\t\t<\/div>\n\t\t\t\t<\/div>\n\t\t\t\t\t<\/div>\n\t\t<\/div>\n\t\t\t\t\t<\/div>\n\t\t<\/section>\n\t\t\t\t\t<\/div>\n\t\t<\/div>\n\t\t\t\t\t<\/div>\n\t\t<\/section>\n\t\t<div class=\"elementor-element elementor-element-2ec90834 e-flex e-con-boxed e-con e-parent\" data-id=\"2ec90834\" data-element_type=\"container\" data-settings=\"{&quot;background_background&quot;:&quot;classic&quot;}\">\n\t\t\t\t\t<div class=\"e-con-inner\">\n\t\t<div class=\"elementor-element elementor-element-6ac8bfc8 e-con-full e-flex e-con e-child\" data-id=\"6ac8bfc8\" data-element_type=\"container\">\n\t\t\t\t<div class=\"elementor-element elementor-element-13ee2c84 elementor-widget elementor-widget-heading\" data-id=\"13ee2c84\" data-element_type=\"widget\" id=\"Zementindustrie\" data-widget_type=\"heading.default\">\n\t\t\t\t<div class=\"elementor-widget-container\">\n\t\t\t<style>\/*! elementor - v3.22.0 - 26-06-2024 *\/\n.elementor-heading-title{padding:0;margin:0;line-height:1}.elementor-widget-heading .elementor-heading-title[class*=elementor-size-]>a{color:inherit;font-size:inherit;line-height:inherit}.elementor-widget-heading .elementor-heading-title.elementor-size-small{font-size:15px}.elementor-widget-heading .elementor-heading-title.elementor-size-medium{font-size:19px}.elementor-widget-heading .elementor-heading-title.elementor-size-large{font-size:29px}.elementor-widget-heading .elementor-heading-title.elementor-size-xl{font-size:39px}.elementor-widget-heading .elementor-heading-title.elementor-size-xxl{font-size:59px}<\/style><h3 class=\"elementor-heading-title elementor-size-default\">Industria del cemento<\/h3>\t\t<\/div>\n\t\t\t\t<\/div>\n\t\t\t\t<div class=\"elementor-element elementor-element-53dd3845 elementor-widget elementor-widget-text-editor\" data-id=\"53dd3845\" data-element_type=\"widget\" data-widget_type=\"text-editor.default\">\n\t\t\t\t<div class=\"elementor-widget-container\">\n\t\t\t<style>\/*! elementor - v3.22.0 - 26-06-2024 *\/\n.elementor-widget-text-editor.elementor-drop-cap-view-stacked .elementor-drop-cap{background-color:#69727d;color:#fff}.elementor-widget-text-editor.elementor-drop-cap-view-framed .elementor-drop-cap{color:#69727d;border:3px solid;background-color:transparent}.elementor-widget-text-editor:not(.elementor-drop-cap-view-default) .elementor-drop-cap{margin-top:8px}.elementor-widget-text-editor:not(.elementor-drop-cap-view-default) .elementor-drop-cap-letter{width:1em;height:1em}.elementor-widget-text-editor .elementor-drop-cap{float:left;text-align:center;line-height:1;font-size:50px}.elementor-widget-text-editor .elementor-drop-cap-letter{display:inline-block}<\/style>\t\t\t\t<p><span style=\"font-family: 'Arial',sans-serif;\">Un&#8217;importante applicazione dell&#8217;ossido di alluminio \u00e8 la produzione di clinker di cemento. La composizione del clinker di cemento viene modificata mediante l&#8217;aggiunta di ossido di alluminio a una farina grezza di cemento con un basso contenuto di alluminio, migliorandone cos\u00ec le propriet\u00e0. Durante il processo di produzione del cemento, l&#8217;ossido di alluminio viene macinato con calcare, argilla, ossido di ferro e altre materie prime per formare una farina grezza e bruciato a temperature di circa 1450 \u00b0C per produrre clinker di cemento. Il clinker di cemento viene macinato insieme al solfato di calcio e ad altri additivi per produrre il cemento, utilizzato nell&#8217;industria delle costruzioni. Il cemento \u00e8 l&#8217;agente legante del calcestruzzo e della malta, utilizzati per costruire fondamenta, strutture edilizie e strade.    <\/span><\/p>\n<p><span style=\"font-family: 'Arial',sans-serif;\">Un altro importante impiego dell&#8217;allumina \u00e8 la produzione di lana minerale, un materiale isolante. Nella produzione di lana minerale si utilizzano ossido di alluminio, silice e silicati di calcio e magnesio. L&#8217;allumina serve ad abbassare il punto di fusione per facilitare la fusione delle materie prime. I materiali fusi vengono filati in fibre e trasformati in stuoie o pannelli che vengono utilizzati nell&#8217;industria edilizia per la protezione termica, acustica e antincendio.   <\/span><\/p>\n<p><span style=\"font-family: 'Arial',sans-serif;\">L&#8217;utilizzo di allumina proveniente dalla produzione di alluminio secondario in queste applicazioni presenta diversi vantaggi in termini di sostenibilit\u00e0. Il riciclo dell&#8217;alluminio consente di risparmiare energia e risorse, poich\u00e9 il processo di produzione dell&#8217;alluminio primario \u00e8 ad alta intensit\u00e0 energetica e richiede grandi quantit\u00e0 di materie prime come la bauxite. Inoltre, il riciclo dell&#8217;alluminio contribuisce a ridurre i rifiuti e a diminuire l&#8217;impatto ambientale dell&#8217;estrazione dell&#8217;alluminio, compreso il rilascio di gas a effetto serra.  <\/span><\/p>\n<p><span style=\"font-family: 'Arial',sans-serif;\">L&#8217;uso di allumina da alluminio riciclato sostiene anche l&#8217;economia circolare, convertendo i rifiuti in risorse preziose. Riciclando prodotti in alluminio come lattine per bevande, rottami metallici o componenti, l&#8217;allumina pu\u00f2 essere riutilizzata in nuovi prodotti invece di essere smaltita come rifiuto. <\/span><\/p>\n<p><span style=\"font-family: 'Arial',sans-serif;\">Nel complesso, l&#8217;utilizzo di allumina proveniente dalla produzione secondaria per la fabbricazione di cemento e lana minerale offre una soluzione sostenibile. Il riciclo riduce il consumo di energia e l&#8217;impatto ambientale, sfruttando al contempo le preziose propriet\u00e0 dell&#8217;allumina per produrre materiali da costruzione di alta qualit\u00e0 e durevoli. Questo contribuisce alla conservazione delle risorse e alla promozione dello sviluppo sostenibile.  <\/span><\/p>\n\t\t\t\t\t\t<\/div>\n\t\t\t\t<\/div>\n\t\t<div class=\"elementor-element elementor-element-42f8687 e-flex e-con-boxed e-con e-child\" data-id=\"42f8687\" data-element_type=\"container\">\n\t\t\t\t\t<div class=\"e-con-inner\">\n\t\t<div class=\"elementor-element elementor-element-ca6b196 e-flex e-con-boxed e-con e-child\" data-id=\"ca6b196\" data-element_type=\"container\">\n\t\t\t\t\t<div class=\"e-con-inner\">\n\t\t<div class=\"elementor-element elementor-element-a2dfc8a e-con-full e-flex e-con e-child\" data-id=\"a2dfc8a\" data-element_type=\"container\">\n\t\t<div class=\"elementor-element elementor-element-3cd214a e-flex e-con-boxed e-con e-child\" data-id=\"3cd214a\" data-element_type=\"container\" data-settings=\"{&quot;background_background&quot;:&quot;classic&quot;}\">\n\t\t\t\t\t<div class=\"e-con-inner\">\n\t\t\t\t<div class=\"elementor-element elementor-element-1885c10 elementor-widget elementor-widget-heading\" data-id=\"1885c10\" data-element_type=\"widget\" data-widget_type=\"heading.default\">\n\t\t\t\t<div class=\"elementor-widget-container\">\n\t\t\t<h2 class=\"elementor-heading-title elementor-size-default\">Raccomandazione<\/h2>\t\t<\/div>\n\t\t\t\t<\/div>\n\t\t\t\t\t<\/div>\n\t\t\t\t<\/div>\n\t\t\t\t<\/div>\n\t\t<div class=\"elementor-element elementor-element-7f793eb e-con-full e-flex e-con e-child\" data-id=\"7f793eb\" data-element_type=\"container\">\n\t\t\t\t<div class=\"elementor-element elementor-element-6149d60 elementor-widget elementor-widget-heading\" data-id=\"6149d60\" data-element_type=\"widget\" data-widget_type=\"heading.default\">\n\t\t\t\t<div class=\"elementor-widget-container\">\n\t\t\t<h2 class=\"elementor-heading-title elementor-size-default\">FD Calciuminatschlacke 65<\/h2>\t\t<\/div>\n\t\t\t\t<\/div>\n\t\t\t\t<\/div>\n\t\t<div class=\"elementor-element elementor-element-9e22495 e-con-full e-flex e-con e-child\" data-id=\"9e22495\" data-element_type=\"container\" data-settings=\"{&quot;ekit_condition_enable&quot;:&quot;yes&quot;}\">\n\t\t\t\t<div class=\"elementor-element elementor-element-92c1909 elementor-widget elementor-widget-elementskit-creative-button\" data-id=\"92c1909\" data-element_type=\"widget\" data-widget_type=\"elementskit-creative-button.default\">\n\t\t\t\t<div class=\"elementor-widget-container\">\n\t\t\t<div class=\"ekit-wid-con\" >\t\t<div class=\"ekit-btn-wraper\">\n\t\t\t\t\t\t\t\t<a href=\"#elementor-action%3Aaction%3Dpopup%3Aopen%26settings%3DeyJpZCI6Ijk1MCIsInRvZ2dsZSI6ZmFsc2V9\" class=\"ekit_creative_button ekit_slide_left_border\" id=\"\" data-text=\"\">\n\n\t\t\t\t\t\t\t\t\t\t\t\t\t<i aria-hidden=\"true\" class=\"ekit_creative_button_icon_before fas fa-file-import\"><\/i>\t\t\t\t\t\t\n\t\t\t\t\t\t<span class=\"ekit_creative_button_text\">Richiesta di schede tecniche<\/span>\n\n\t\t\t\t\t\t\n\t\t\t\t\t\t\t\t\t\t\t<\/a>\n\t\t\t\t\t\t<\/div>\n        <\/div>\t\t<\/div>\n\t\t\t\t<\/div>\n\t\t\t\t<\/div>\n\t\t\t\t\t<\/div>\n\t\t\t\t<\/div>\n\t\t\t\t\t<\/div>\n\t\t\t\t<\/div>\n\t\t\t\t<div class=\"elementor-element elementor-element-96b955c elementor-widget-divider--view-line elementor-widget elementor-widget-divider\" data-id=\"96b955c\" data-element_type=\"widget\" data-widget_type=\"divider.default\">\n\t\t\t\t<div class=\"elementor-widget-container\">\n\t\t\t<style>\/*! elementor - v3.22.0 - 26-06-2024 *\/\n.elementor-widget-divider{--divider-border-style:none;--divider-border-width:1px;--divider-color:#0c0d0e;--divider-icon-size:20px;--divider-element-spacing:10px;--divider-pattern-height:24px;--divider-pattern-size:20px;--divider-pattern-url:none;--divider-pattern-repeat:repeat-x}.elementor-widget-divider .elementor-divider{display:flex}.elementor-widget-divider .elementor-divider__text{font-size:15px;line-height:1;max-width:95%}.elementor-widget-divider .elementor-divider__element{margin:0 var(--divider-element-spacing);flex-shrink:0}.elementor-widget-divider .elementor-icon{font-size:var(--divider-icon-size)}.elementor-widget-divider .elementor-divider-separator{display:flex;margin:0;direction:ltr}.elementor-widget-divider--view-line_icon .elementor-divider-separator,.elementor-widget-divider--view-line_text .elementor-divider-separator{align-items:center}.elementor-widget-divider--view-line_icon .elementor-divider-separator:after,.elementor-widget-divider--view-line_icon .elementor-divider-separator:before,.elementor-widget-divider--view-line_text .elementor-divider-separator:after,.elementor-widget-divider--view-line_text .elementor-divider-separator:before{display:block;content:\"\";border-block-end:0;flex-grow:1;border-block-start:var(--divider-border-width) var(--divider-border-style) var(--divider-color)}.elementor-widget-divider--element-align-left .elementor-divider .elementor-divider-separator>.elementor-divider__svg:first-of-type{flex-grow:0;flex-shrink:100}.elementor-widget-divider--element-align-left .elementor-divider-separator:before{content:none}.elementor-widget-divider--element-align-left .elementor-divider__element{margin-left:0}.elementor-widget-divider--element-align-right .elementor-divider .elementor-divider-separator>.elementor-divider__svg:last-of-type{flex-grow:0;flex-shrink:100}.elementor-widget-divider--element-align-right .elementor-divider-separator:after{content:none}.elementor-widget-divider--element-align-right .elementor-divider__element{margin-right:0}.elementor-widget-divider--element-align-start .elementor-divider .elementor-divider-separator>.elementor-divider__svg:first-of-type{flex-grow:0;flex-shrink:100}.elementor-widget-divider--element-align-start .elementor-divider-separator:before{content:none}.elementor-widget-divider--element-align-start .elementor-divider__element{margin-inline-start:0}.elementor-widget-divider--element-align-end .elementor-divider .elementor-divider-separator>.elementor-divider__svg:last-of-type{flex-grow:0;flex-shrink:100}.elementor-widget-divider--element-align-end .elementor-divider-separator:after{content:none}.elementor-widget-divider--element-align-end .elementor-divider__element{margin-inline-end:0}.elementor-widget-divider:not(.elementor-widget-divider--view-line_text):not(.elementor-widget-divider--view-line_icon) .elementor-divider-separator{border-block-start:var(--divider-border-width) var(--divider-border-style) var(--divider-color)}.elementor-widget-divider--separator-type-pattern{--divider-border-style:none}.elementor-widget-divider--separator-type-pattern.elementor-widget-divider--view-line .elementor-divider-separator,.elementor-widget-divider--separator-type-pattern:not(.elementor-widget-divider--view-line) .elementor-divider-separator:after,.elementor-widget-divider--separator-type-pattern:not(.elementor-widget-divider--view-line) .elementor-divider-separator:before,.elementor-widget-divider--separator-type-pattern:not([class*=elementor-widget-divider--view]) .elementor-divider-separator{width:100%;min-height:var(--divider-pattern-height);-webkit-mask-size:var(--divider-pattern-size) 100%;mask-size:var(--divider-pattern-size) 100%;-webkit-mask-repeat:var(--divider-pattern-repeat);mask-repeat:var(--divider-pattern-repeat);background-color:var(--divider-color);-webkit-mask-image:var(--divider-pattern-url);mask-image:var(--divider-pattern-url)}.elementor-widget-divider--no-spacing{--divider-pattern-size:auto}.elementor-widget-divider--bg-round{--divider-pattern-repeat:round}.rtl .elementor-widget-divider .elementor-divider__text{direction:rtl}.e-con-inner>.elementor-widget-divider,.e-con>.elementor-widget-divider{width:var(--container-widget-width,100%);--flex-grow:var(--container-widget-flex-grow)}<\/style>\t\t<div class=\"elementor-divider\">\n\t\t\t<span class=\"elementor-divider-separator\">\n\t\t\t\t\t\t<\/span>\n\t\t<\/div>\n\t\t\t\t<\/div>\n\t\t\t\t<\/div>\n\t\t\t\t<\/div>\n\t\t\t\t\t<\/div>\n\t\t\t\t<\/div>\n\t\t<div class=\"elementor-element elementor-element-3ad71f5 e-flex e-con-boxed e-con e-parent\" data-id=\"3ad71f5\" data-element_type=\"container\" data-settings=\"{&quot;background_background&quot;:&quot;classic&quot;}\">\n\t\t\t\t\t<div class=\"e-con-inner\">\n\t\t<div class=\"elementor-element elementor-element-71fe238 e-flex e-con-boxed e-con e-child\" data-id=\"71fe238\" data-element_type=\"container\">\n\t\t\t\t\t<div class=\"e-con-inner\">\n\t\t\t\t<div class=\"elementor-element elementor-element-aa5bb5c elementor-align-center elementor-widget elementor-widget-button\" data-id=\"aa5bb5c\" data-element_type=\"widget\" data-widget_type=\"button.default\">\n\t\t\t\t<div class=\"elementor-widget-container\">\n\t\t\t\t\t<div class=\"elementor-button-wrapper\">\n\t\t\t<a class=\"elementor-button elementor-button-link elementor-size-sm\" href=\"#elementor-action%3Aaction%3Dpopup%3Aopen%26settings%3DeyJpZCI6NzkxLCJ0b2dnbGUiOmZhbHNlfQ%3D%3D\">\n\t\t\t\t\t\t<span class=\"elementor-button-content-wrapper\">\n\t\t\t\t\t\t\t\t\t<span class=\"elementor-button-text\">Contattateci<\/span>\n\t\t\t\t\t<\/span>\n\t\t\t\t\t<\/a>\n\t\t<\/div>\n\t\t\t\t<\/div>\n\t\t\t\t<\/div>\n\t\t\t\t\t<\/div>\n\t\t\t\t<\/div>\n\t\t\t\t\t<\/div>\n\t\t\t\t<\/div>\n\t\t\t\t<\/div>\n\t\t","protected":false},"excerpt":{"rendered":"<p>L&#8217;ossido di alluminio \u00e8 un composto chimico costituito da alluminio e ossigeno. Si ottiene nella produzione di alluminio primario e secondario. L&#8217;ossido di alluminio \u00e8 un composto chimico costituito da alluminio e ossigeno. Si ottiene sia nella produzione primaria che secondaria di alluminio. Nella produzione primaria, l&#8217;alluminio viene prodotto dalla bauxite, un minerale costituito principalmente [&hellip;]<\/p>\n","protected":false},"author":1,"featured_media":0,"parent":1054,"menu_order":0,"comment_status":"closed","ping_status":"closed","template":"","meta":{"footnotes":""},"class_list":["post-1068","page","type-page","status-publish","hentry"],"_links":{"self":[{"href":"https:\/\/ferroduo.com\/it\/wp-json\/wp\/v2\/pages\/1068","targetHints":{"allow":["GET"]}}],"collection":[{"href":"https:\/\/ferroduo.com\/it\/wp-json\/wp\/v2\/pages"}],"about":[{"href":"https:\/\/ferroduo.com\/it\/wp-json\/wp\/v2\/types\/page"}],"author":[{"embeddable":true,"href":"https:\/\/ferroduo.com\/it\/wp-json\/wp\/v2\/users\/1"}],"replies":[{"embeddable":true,"href":"https:\/\/ferroduo.com\/it\/wp-json\/wp\/v2\/comments?post=1068"}],"version-history":[{"count":0,"href":"https:\/\/ferroduo.com\/it\/wp-json\/wp\/v2\/pages\/1068\/revisions"}],"up":[{"embeddable":true,"href":"https:\/\/ferroduo.com\/it\/wp-json\/wp\/v2\/pages\/1054"}],"wp:attachment":[{"href":"https:\/\/ferroduo.com\/it\/wp-json\/wp\/v2\/media?parent=1068"}],"curies":[{"name":"wp","href":"https:\/\/api.w.org\/{rel}","templated":true}]}}