{"id":1061,"date":"2023-06-02T13:44:13","date_gmt":"2023-06-02T13:44:13","guid":{"rendered":"https:\/\/ferroduo.com\/prodotti\/ceneri\/"},"modified":"2023-12-14T15:39:27","modified_gmt":"2023-12-14T15:39:27","slug":"ceneri","status":"publish","type":"page","link":"https:\/\/ferroduo.com\/it\/prodotti\/ceneri\/","title":{"rendered":"ceneri"},"content":{"rendered":"\t\t<div data-elementor-type=\"wp-page\" data-elementor-id=\"1061\" class=\"elementor elementor-1061 elementor-392\" data-elementor-post-type=\"page\">\n\t\t\t\t<div class=\"elementor-element elementor-element-8fe780a e-flex e-con-boxed e-con e-parent\" data-id=\"8fe780a\" data-element_type=\"container\" data-settings=\"{&quot;background_background&quot;:&quot;classic&quot;}\">\n\t\t\t\t\t<div class=\"e-con-inner\">\n\t\t<div class=\"elementor-element elementor-element-c2edf74 e-con-full e-flex e-con e-child\" data-id=\"c2edf74\" data-element_type=\"container\">\n\t\t<div class=\"elementor-element elementor-element-0c9e768 e-con-full e-flex e-con e-child\" data-id=\"0c9e768\" data-element_type=\"container\">\n\t\t<div class=\"elementor-element elementor-element-363f99f e-con-full e-flex e-con e-child\" data-id=\"363f99f\" data-element_type=\"container\">\n\t\t\t\t<div class=\"elementor-element elementor-element-0603127 elementor-widget elementor-widget-elementskit-heading\" data-id=\"0603127\" data-element_type=\"widget\" data-widget_type=\"elementskit-heading.default\">\n\t\t\t\t<div class=\"elementor-widget-container\">\n\t\t\t<div class=\"ekit-wid-con\" ><div class=\"ekit-heading elementskit-section-title-wraper text_left   ekit_heading_tablet-   ekit_heading_mobile-\"><h2 class=\"ekit-heading--title elementskit-section-title \">Ceneri<\/h2><\/div><\/div>\t\t<\/div>\n\t\t\t\t<\/div>\n\t\t\t\t<\/div>\n\t\t\t\t<\/div>\n\t\t\t\t<\/div>\n\t\t\t\t\t<\/div>\n\t\t\t\t<\/div>\n\t\t\t\t<section class=\"elementor-section elementor-top-section elementor-element elementor-element-628a7d0b elementor-section-boxed elementor-section-height-default elementor-section-height-default\" data-id=\"628a7d0b\" data-element_type=\"section\">\n\t\t\t\t\t\t<div class=\"elementor-container elementor-column-gap-default\">\n\t\t\t\t\t<div class=\"elementor-column elementor-col-100 elementor-top-column elementor-element elementor-element-5b12c80a\" data-id=\"5b12c80a\" data-element_type=\"column\">\n\t\t\t<div class=\"elementor-widget-wrap elementor-element-populated\">\n\t\t\t\t\t\t<section class=\"elementor-section elementor-inner-section elementor-element elementor-element-15f2046f elementor-reverse-tablet elementor-reverse-mobile elementor-section-boxed elementor-section-height-default elementor-section-height-default\" data-id=\"15f2046f\" data-element_type=\"section\" data-settings=\"{&quot;background_background&quot;:&quot;classic&quot;}\">\n\t\t\t\t\t\t<div class=\"elementor-container elementor-column-gap-default\">\n\t\t\t\t\t<div class=\"elementor-column elementor-col-50 elementor-inner-column elementor-element elementor-element-41c99c56\" data-id=\"41c99c56\" data-element_type=\"column\">\n\t\t\t<div class=\"elementor-widget-wrap elementor-element-populated\">\n\t\t\t\t\t\t<div class=\"elementor-element elementor-element-691258c6 elementor-widget elementor-widget-elementskit-heading\" data-id=\"691258c6\" data-element_type=\"widget\" data-widget_type=\"elementskit-heading.default\">\n\t\t\t\t<div class=\"elementor-widget-container\">\n\t\t\t<div class=\"ekit-wid-con\" ><div class=\"ekit-heading elementskit-section-title-wraper text_left   ekit_heading_tablet-   ekit_heading_mobile-\">\t\t\t\t<div class='ekit-heading__description'>\n\t\t\t\t\t<p><span style=\"font-family: 'Arial',sans-serif\">Le ceneri volanti sono un materiale prodotto durante la combustione di carbone o biomassa nelle centrali elettriche. Si tratta di particelle fini che vengono trasportate fuori dalla camera di combustione attraverso il flusso dei gas di scarico durante il processo di combustione. Le ceneri, simili a polvere, vengono trasportate dai gas di scarico e si depositano nei filtri dei sistemi di depurazione dei gas di scarico.  <\/span><\/p>\n<p><span style=\"font-family: 'Arial',sans-serif\">Le ceneri volanti sono costituite principalmente da componenti minerali come biossido di silicio, ossido di alluminio, ossido di ferro e ossido di calcio. A seconda del tipo di combustibile utilizzato e della tecnologia di combustione, la composizione delle ceneri volanti pu\u00f2 variare. <\/span><\/p>\n<p><span style=\"font-family: 'Arial',sans-serif\">Nell'industria delle centrali elettriche, le ceneri volanti sono spesso considerate una risorsa che pu\u00f2 essere riutilizzata. Pu\u00f2 essere utilizzata come aggregato nella produzione di cemento per migliorarne la resistenza e la durata. Le ceneri volanti possono essere utilizzate anche nella produzione di calcestruzzo, asfalto e vari materiali da costruzione per migliorarne le propriet\u00e0.  <\/span><\/p>\n\t\t\t\t<\/div>\n\t\t\t<\/div><\/div>\t\t<\/div>\n\t\t\t\t<\/div>\n\t\t\t\t\t<\/div>\n\t\t<\/div>\n\t\t\t\t<div class=\"elementor-column elementor-col-50 elementor-inner-column elementor-element elementor-element-7c5246e5\" data-id=\"7c5246e5\" data-element_type=\"column\">\n\t\t\t<div class=\"elementor-widget-wrap elementor-element-populated\">\n\t\t\t\t\t\t<div class=\"elementor-element elementor-element-7e6738b8 elementor-widget elementor-widget-image\" data-id=\"7e6738b8\" data-element_type=\"widget\" data-widget_type=\"image.default\">\n\t\t\t\t<div class=\"elementor-widget-container\">\n\t\t\t<style>\/*! elementor - v3.22.0 - 26-06-2024 *\/\n.elementor-widget-image{text-align:center}.elementor-widget-image a{display:inline-block}.elementor-widget-image a img[src$=\".svg\"]{width:48px}.elementor-widget-image img{vertical-align:middle;display:inline-block}<\/style>\t\t\t\t\t\t\t\t\t\t<img fetchpriority=\"high\" decoding=\"async\" width=\"718\" height=\"897\" src=\"https:\/\/ferroduo.com\/wp-content\/uploads\/2023\/09\/shutterstock_1934812655_asche.jpg\" class=\"attachment-full size-full wp-image-868\" alt=\"\" srcset=\"https:\/\/ferroduo.com\/wp-content\/uploads\/2023\/09\/shutterstock_1934812655_asche.jpg 718w, https:\/\/ferroduo.com\/wp-content\/uploads\/2023\/09\/shutterstock_1934812655_asche-240x300.jpg 240w\" sizes=\"(max-width: 718px) 100vw, 718px\">\t\t\t\t\t\t\t\t\t\t\t\t\t<\/div>\n\t\t\t\t<\/div>\n\t\t\t\t\t<\/div>\n\t\t<\/div>\n\t\t\t\t\t<\/div>\n\t\t<\/section>\n\t\t\t\t\t<\/div>\n\t\t<\/div>\n\t\t\t\t\t<\/div>\n\t\t<\/section>\n\t\t<div class=\"elementor-element elementor-element-2ec90834 e-flex e-con-boxed e-con e-parent\" data-id=\"2ec90834\" data-element_type=\"container\" data-settings=\"{&quot;background_background&quot;:&quot;classic&quot;}\">\n\t\t\t\t\t<div class=\"e-con-inner\">\n\t\t<div class=\"elementor-element elementor-element-6ac8bfc8 e-con-full e-flex e-con e-child\" data-id=\"6ac8bfc8\" data-element_type=\"container\">\n\t\t\t\t<div class=\"elementor-element elementor-element-13ee2c84 elementor-widget elementor-widget-heading\" data-id=\"13ee2c84\" data-element_type=\"widget\" id=\"anwendung\" data-widget_type=\"heading.default\">\n\t\t\t\t<div class=\"elementor-widget-container\">\n\t\t\t<style>\/*! elementor - v3.22.0 - 26-06-2024 *\/\n.elementor-heading-title{padding:0;margin:0;line-height:1}.elementor-widget-heading .elementor-heading-title[class*=elementor-size-]>a{color:inherit;font-size:inherit;line-height:inherit}.elementor-widget-heading .elementor-heading-title.elementor-size-small{font-size:15px}.elementor-widget-heading .elementor-heading-title.elementor-size-medium{font-size:19px}.elementor-widget-heading .elementor-heading-title.elementor-size-large{font-size:29px}.elementor-widget-heading .elementor-heading-title.elementor-size-xl{font-size:39px}.elementor-widget-heading .elementor-heading-title.elementor-size-xxl{font-size:59px}<\/style><h3 class=\"elementor-heading-title elementor-size-default\">Applicazione<\/h3>\t\t<\/div>\n\t\t\t\t<\/div>\n\t\t\t\t<div class=\"elementor-element elementor-element-53dd3845 elementor-widget elementor-widget-text-editor\" data-id=\"53dd3845\" data-element_type=\"widget\" data-widget_type=\"text-editor.default\">\n\t\t\t\t<div class=\"elementor-widget-container\">\n\t\t\t<style>\/*! elementor - v3.22.0 - 26-06-2024 *\/\n.elementor-widget-text-editor.elementor-drop-cap-view-stacked .elementor-drop-cap{background-color:#69727d;color:#fff}.elementor-widget-text-editor.elementor-drop-cap-view-framed .elementor-drop-cap{color:#69727d;border:3px solid;background-color:transparent}.elementor-widget-text-editor:not(.elementor-drop-cap-view-default) .elementor-drop-cap{margin-top:8px}.elementor-widget-text-editor:not(.elementor-drop-cap-view-default) .elementor-drop-cap-letter{width:1em;height:1em}.elementor-widget-text-editor .elementor-drop-cap{float:left;text-align:center;line-height:1;font-size:50px}.elementor-widget-text-editor .elementor-drop-cap-letter{display:inline-block}<\/style>\t\t\t\t<p><span style=\"font-family: 'Arial',sans-serif;\">L&#8217;uso delle ceneri volanti nell&#8217;industria del cemento \u00e8 un modo efficace per conservare le risorse, ridurre le emissioni di CO<sub>2<\/sub> e promuovere un&#8217;economia circolare sostenibile.<\/span><\/p>\n<p><span style=\"font-family: 'Arial',sans-serif;\">Le ceneri volanti, un sottoprodotto della combustione del carbone (ed eventualmente della biomassa) nelle centrali elettriche, contengono una variet\u00e0 di componenti minerali che possono avere propriet\u00e0 preziose nella produzione di cemento. L&#8217;integrazione delle ceneri volanti come aggregato nel cemento consente di ottenere notevoli benefici ambientali. <\/span><\/p>\n<p><span style=\"font-family: 'Arial',sans-serif;\">Un vantaggio significativo dell&#8217;uso delle ceneri volanti \u00e8 che risulta necessario meno clinker per il cemento. Il clinker \u00e8 il componente principale del cemento e viene prodotto bruciando calcare, argilla e ossido di ferro ad alte temperature. Questo processo \u00e8 ad alta intensit\u00e0 energetica e contribuisce in modo significativo alle emissioni di CO<sub>2<\/sub>. Sostituendo parte del clinker con ceneri volanti, il processo di produzione del cemento pu\u00f2 essere reso complessivamente pi\u00f9 efficiente dal punto di vista delle risorse e pi\u00f9 rispettoso del clima.   <\/span><\/p>\n<p><span style=\"font-family: 'Arial',sans-serif;\">La cenere volante agisce anche come attivatore che migliora la resistenza e la durata del cemento. Promuove una migliore distribuzione delle particelle e la formazione di ulteriori idrati di silicato di calcio, responsabili dello sviluppo della resistenza. Di conseguenza, l&#8217;uso di ceneri volanti pu\u00f2 ottimizzare le propriet\u00e0 tecniche del cemento e garantire una qualit\u00e0 superiore.  <\/span><\/p>\n<p><span style=\"font-family: 'Arial',sans-serif;\">Inoltre, l&#8217;uso delle ceneri volanti nell&#8217;industria del cemento svolge un ruolo importante nella promozione di un&#8217;economia circolare sostenibile. Invece di mandare le ceneri volanti in discarica come rifiuti, vengono utilizzate come preziosa materia prima. Ci\u00f2 contribuisce alla conservazione delle risorse naturali, in quanto sono necessari meno clinker e altri materiali primari. Di conseguenza, l&#8217;uso di ceneri volanti pu\u00f2 ottimizzare le propriet\u00e0 tecniche del cemento e garantire una qualit\u00e0 superiore.  <\/span><\/p>\n<p><span style=\"font-family: 'Arial',sans-serif;\">Tuttavia, l&#8217;integrazione delle ceneri volanti nel processo di produzione del cemento richiede un&#8217;attenta pianificazione e controllo. La composizione chimica delle ceneri volanti pu\u00f2 variare a seconda del tipo di combustibile utilizzato e del processo di combustione. Pertanto, \u00e8 importante analizzare la qualit\u00e0 e le propriet\u00e0 delle ceneri volanti e dosarne attentamente la quantit\u00e0 per garantire prestazioni ottimali del cemento. Inoltre, \u00e8 necessario adottare adeguate misure di controllo delle polveri e di protezione ambientale per ridurre al minimo i rischi potenziali associati alla manipolazione e allo stoccaggio delle ceneri volanti.   <\/span><\/p>\n\t\t\t\t\t\t<\/div>\n\t\t\t\t<\/div>\n\t\t<div class=\"elementor-element elementor-element-bd7a6f7 e-flex e-con-boxed e-con e-child\" data-id=\"bd7a6f7\" data-element_type=\"container\">\n\t\t\t\t\t<div class=\"e-con-inner\">\n\t\t<div class=\"elementor-element elementor-element-4763f2d e-flex e-con-boxed e-con e-child\" data-id=\"4763f2d\" data-element_type=\"container\">\n\t\t\t\t\t<div class=\"e-con-inner\">\n\t\t<div class=\"elementor-element elementor-element-c74d2e2 e-con-full e-flex e-con e-child\" data-id=\"c74d2e2\" data-element_type=\"container\">\n\t\t<div class=\"elementor-element elementor-element-6211b1c e-flex e-con-boxed e-con e-child\" data-id=\"6211b1c\" data-element_type=\"container\" data-settings=\"{&quot;background_background&quot;:&quot;classic&quot;}\">\n\t\t\t\t\t<div class=\"e-con-inner\">\n\t\t\t\t<div class=\"elementor-element elementor-element-2bc3671 elementor-widget elementor-widget-heading\" data-id=\"2bc3671\" data-element_type=\"widget\" data-widget_type=\"heading.default\">\n\t\t\t\t<div class=\"elementor-widget-container\">\n\t\t\t<h2 class=\"elementor-heading-title elementor-size-default\">Raccomandazione<\/h2>\t\t<\/div>\n\t\t\t\t<\/div>\n\t\t\t\t\t<\/div>\n\t\t\t\t<\/div>\n\t\t\t\t<\/div>\n\t\t<div class=\"elementor-element elementor-element-d3bcd73 e-con-full e-flex e-con e-child\" data-id=\"d3bcd73\" data-element_type=\"container\">\n\t\t\t\t<div class=\"elementor-element elementor-element-648c513 elementor-widget elementor-widget-heading\" data-id=\"648c513\" data-element_type=\"widget\" data-widget_type=\"heading.default\">\n\t\t\t\t<div class=\"elementor-widget-container\">\n\t\t\t<h2 class=\"elementor-heading-title elementor-size-default\"><a href=\"https:\/\/ferroduo.com\/produkte\/eisensulfat\/\">Ferro Mono 30 DU<\/a><\/h2>\t\t<\/div>\n\t\t\t\t<\/div>\n\t\t\t\t<\/div>\n\t\t<div class=\"elementor-element elementor-element-67d6dde e-con-full e-flex e-con e-child\" data-id=\"67d6dde\" data-element_type=\"container\" data-settings=\"{&quot;ekit_condition_enable&quot;:&quot;yes&quot;}\">\n\t\t\t\t<div class=\"elementor-element elementor-element-1f33dc1 elementor-widget elementor-widget-elementskit-creative-button\" data-id=\"1f33dc1\" data-element_type=\"widget\" data-widget_type=\"elementskit-creative-button.default\">\n\t\t\t\t<div class=\"elementor-widget-container\">\n\t\t\t<div class=\"ekit-wid-con\" >\t\t<div class=\"ekit-btn-wraper\">\n\t\t\t\t\t\t\t\t<a href=\"#elementor-action%3Aaction%3Dpopup%3Aopen%26settings%3DeyJpZCI6Ijk1MCIsInRvZ2dsZSI6ZmFsc2V9\" class=\"ekit_creative_button ekit_slide_left_border\" id=\"\" data-text=\"\">\n\n\t\t\t\t\t\t\t\t\t\t\t\t\t<i aria-hidden=\"true\" class=\"ekit_creative_button_icon_before fas fa-file-import\"><\/i>\t\t\t\t\t\t\n\t\t\t\t\t\t<span class=\"ekit_creative_button_text\">Richiesta di schede tecniche<\/span>\n\n\t\t\t\t\t\t\n\t\t\t\t\t\t\t\t\t\t\t<\/a>\n\t\t\t\t\t\t<\/div>\n        <\/div>\t\t<\/div>\n\t\t\t\t<\/div>\n\t\t\t\t<\/div>\n\t\t\t\t\t<\/div>\n\t\t\t\t<\/div>\n\t\t\t\t\t<\/div>\n\t\t\t\t<\/div>\n\t\t\t\t<div class=\"elementor-element elementor-element-96b955c elementor-widget-divider--view-line elementor-widget elementor-widget-divider\" data-id=\"96b955c\" data-element_type=\"widget\" data-widget_type=\"divider.default\">\n\t\t\t\t<div class=\"elementor-widget-container\">\n\t\t\t<style>\/*! elementor - v3.22.0 - 26-06-2024 *\/\n.elementor-widget-divider{--divider-border-style:none;--divider-border-width:1px;--divider-color:#0c0d0e;--divider-icon-size:20px;--divider-element-spacing:10px;--divider-pattern-height:24px;--divider-pattern-size:20px;--divider-pattern-url:none;--divider-pattern-repeat:repeat-x}.elementor-widget-divider .elementor-divider{display:flex}.elementor-widget-divider .elementor-divider__text{font-size:15px;line-height:1;max-width:95%}.elementor-widget-divider .elementor-divider__element{margin:0 var(--divider-element-spacing);flex-shrink:0}.elementor-widget-divider .elementor-icon{font-size:var(--divider-icon-size)}.elementor-widget-divider .elementor-divider-separator{display:flex;margin:0;direction:ltr}.elementor-widget-divider--view-line_icon .elementor-divider-separator,.elementor-widget-divider--view-line_text .elementor-divider-separator{align-items:center}.elementor-widget-divider--view-line_icon .elementor-divider-separator:after,.elementor-widget-divider--view-line_icon .elementor-divider-separator:before,.elementor-widget-divider--view-line_text .elementor-divider-separator:after,.elementor-widget-divider--view-line_text .elementor-divider-separator:before{display:block;content:\"\";border-block-end:0;flex-grow:1;border-block-start:var(--divider-border-width) var(--divider-border-style) var(--divider-color)}.elementor-widget-divider--element-align-left .elementor-divider .elementor-divider-separator>.elementor-divider__svg:first-of-type{flex-grow:0;flex-shrink:100}.elementor-widget-divider--element-align-left .elementor-divider-separator:before{content:none}.elementor-widget-divider--element-align-left .elementor-divider__element{margin-left:0}.elementor-widget-divider--element-align-right .elementor-divider .elementor-divider-separator>.elementor-divider__svg:last-of-type{flex-grow:0;flex-shrink:100}.elementor-widget-divider--element-align-right .elementor-divider-separator:after{content:none}.elementor-widget-divider--element-align-right .elementor-divider__element{margin-right:0}.elementor-widget-divider--element-align-start .elementor-divider .elementor-divider-separator>.elementor-divider__svg:first-of-type{flex-grow:0;flex-shrink:100}.elementor-widget-divider--element-align-start .elementor-divider-separator:before{content:none}.elementor-widget-divider--element-align-start .elementor-divider__element{margin-inline-start:0}.elementor-widget-divider--element-align-end .elementor-divider .elementor-divider-separator>.elementor-divider__svg:last-of-type{flex-grow:0;flex-shrink:100}.elementor-widget-divider--element-align-end .elementor-divider-separator:after{content:none}.elementor-widget-divider--element-align-end .elementor-divider__element{margin-inline-end:0}.elementor-widget-divider:not(.elementor-widget-divider--view-line_text):not(.elementor-widget-divider--view-line_icon) .elementor-divider-separator{border-block-start:var(--divider-border-width) var(--divider-border-style) var(--divider-color)}.elementor-widget-divider--separator-type-pattern{--divider-border-style:none}.elementor-widget-divider--separator-type-pattern.elementor-widget-divider--view-line .elementor-divider-separator,.elementor-widget-divider--separator-type-pattern:not(.elementor-widget-divider--view-line) .elementor-divider-separator:after,.elementor-widget-divider--separator-type-pattern:not(.elementor-widget-divider--view-line) .elementor-divider-separator:before,.elementor-widget-divider--separator-type-pattern:not([class*=elementor-widget-divider--view]) .elementor-divider-separator{width:100%;min-height:var(--divider-pattern-height);-webkit-mask-size:var(--divider-pattern-size) 100%;mask-size:var(--divider-pattern-size) 100%;-webkit-mask-repeat:var(--divider-pattern-repeat);mask-repeat:var(--divider-pattern-repeat);background-color:var(--divider-color);-webkit-mask-image:var(--divider-pattern-url);mask-image:var(--divider-pattern-url)}.elementor-widget-divider--no-spacing{--divider-pattern-size:auto}.elementor-widget-divider--bg-round{--divider-pattern-repeat:round}.rtl .elementor-widget-divider .elementor-divider__text{direction:rtl}.e-con-inner>.elementor-widget-divider,.e-con>.elementor-widget-divider{width:var(--container-widget-width,100%);--flex-grow:var(--container-widget-flex-grow)}<\/style>\t\t<div class=\"elementor-divider\">\n\t\t\t<span class=\"elementor-divider-separator\">\n\t\t\t\t\t\t<\/span>\n\t\t<\/div>\n\t\t\t\t<\/div>\n\t\t\t\t<\/div>\n\t\t\t\t<\/div>\n\t\t\t\t\t<\/div>\n\t\t\t\t<\/div>\n\t\t<div class=\"elementor-element elementor-element-7705e5b e-flex e-con-boxed e-con e-parent\" data-id=\"7705e5b\" data-element_type=\"container\" data-settings=\"{&quot;background_background&quot;:&quot;classic&quot;}\">\n\t\t\t\t\t<div class=\"e-con-inner\">\n\t\t<div class=\"elementor-element elementor-element-33c4c30 e-flex e-con-boxed e-con e-child\" data-id=\"33c4c30\" data-element_type=\"container\">\n\t\t\t\t\t<div class=\"e-con-inner\">\n\t\t\t\t<div class=\"elementor-element elementor-element-fbfbfd7 elementor-align-center elementor-widget elementor-widget-button\" data-id=\"fbfbfd7\" data-element_type=\"widget\" data-widget_type=\"button.default\">\n\t\t\t\t<div class=\"elementor-widget-container\">\n\t\t\t\t\t<div class=\"elementor-button-wrapper\">\n\t\t\t<a class=\"elementor-button elementor-button-link elementor-size-sm\" href=\"#elementor-action%3Aaction%3Dpopup%3Aopen%26settings%3DeyJpZCI6NzkxLCJ0b2dnbGUiOmZhbHNlfQ%3D%3D\">\n\t\t\t\t\t\t<span class=\"elementor-button-content-wrapper\">\n\t\t\t\t\t\t\t\t\t<span class=\"elementor-button-text\">Contattateci<\/span>\n\t\t\t\t\t<\/span>\n\t\t\t\t\t<\/a>\n\t\t<\/div>\n\t\t\t\t<\/div>\n\t\t\t\t<\/div>\n\t\t\t\t\t<\/div>\n\t\t\t\t<\/div>\n\t\t\t\t\t<\/div>\n\t\t\t\t<\/div>\n\t\t\t\t<\/div>\n\t\t","protected":false},"excerpt":{"rendered":"<p>Ceneri Le ceneri volanti sono un materiale prodotto durante la combustione di carbone o biomassa nelle centrali elettriche. Si tratta di particelle fini che vengono trasportate fuori dalla camera di combustione attraverso il flusso dei gas di scarico durante il processo di combustione. Le ceneri, simili a polvere, vengono trasportate dai gas di scarico e [&hellip;]<\/p>\n","protected":false},"author":1,"featured_media":0,"parent":1054,"menu_order":0,"comment_status":"closed","ping_status":"closed","template":"","meta":{"footnotes":""},"class_list":["post-1061","page","type-page","status-publish","hentry"],"_links":{"self":[{"href":"https:\/\/ferroduo.com\/it\/wp-json\/wp\/v2\/pages\/1061","targetHints":{"allow":["GET"]}}],"collection":[{"href":"https:\/\/ferroduo.com\/it\/wp-json\/wp\/v2\/pages"}],"about":[{"href":"https:\/\/ferroduo.com\/it\/wp-json\/wp\/v2\/types\/page"}],"author":[{"embeddable":true,"href":"https:\/\/ferroduo.com\/it\/wp-json\/wp\/v2\/users\/1"}],"replies":[{"embeddable":true,"href":"https:\/\/ferroduo.com\/it\/wp-json\/wp\/v2\/comments?post=1061"}],"version-history":[{"count":0,"href":"https:\/\/ferroduo.com\/it\/wp-json\/wp\/v2\/pages\/1061\/revisions"}],"up":[{"embeddable":true,"href":"https:\/\/ferroduo.com\/it\/wp-json\/wp\/v2\/pages\/1054"}],"wp:attachment":[{"href":"https:\/\/ferroduo.com\/it\/wp-json\/wp\/v2\/media?parent=1061"}],"curies":[{"name":"wp","href":"https:\/\/api.w.org\/{rel}","templated":true}]}}